{"id":11,"date":"2014-09-22T08:47:28","date_gmt":"2014-09-22T08:47:28","guid":{"rendered":"http:\/\/themes.muffingroup.com\/be\/business\/?page_id=11"},"modified":"2022-04-14T14:12:11","modified_gmt":"2022-04-14T12:12:11","slug":"team-2","status":"publish","type":"page","link":"https:\/\/medicare321.de\/index.php\/team-2\/","title":{"rendered":"Team"},"content":{"rendered":"\n<p><\/p>\n\n\n\n<p>\r<br><span class=\"single_icon  themecolor\"><i style=\"font-size:25px;line-height:25px;\" class=\"\"><\/i><\/span>\n\r<br>\r<br><div class=\"mfn_heading  align_left\"><h2 class=\"title\" >Unsere St\u00e4rke ist unser TEAM !<\/h2><\/div>\n\r<br>\r<br><div class=\"google_font\" style=\"font-family:'',Arial,Tahoma,sans-serif;font-size:25px;line-height:25px;font-weight:400;letter-spacing:0px;\"><\/div>\n<br>icon<br><br>no-repeat;left top;;<br>auto<br>20px<br><br><img decoding=\"async\" src=\"https:\/\/medicare321.de\/wp-content\/uploads\/2020\/01\/MediCare_Team_04_var01_19_freigestellt_1000.png\" alt=\"MediCare_Team_04_var01_19_freigestellt_1000\" \/><br>https:\/\/medicare321.de\/wp-content\/uploads\/2020\/01\/MediCare_Team_04_var01_19_freigestellt_1000.png<br>disable<br>bounceIn<br><br>\r<br>\r<br>\r<br><span class=\"single_icon  themecolor\"><i style=\"font-size:25px;line-height:25px;\" class=\"\"><\/i><\/span>\n\r<br>\r<br><div class=\"mfn_heading  align_left\"><h2 class=\"title\" >Pflegefachkr\u00e4fte<\/h2><\/div>\n\r<br>\r<br><div class=\"google_font\" style=\"font-family:'',Arial,Tahoma,sans-serif;font-size:25px;line-height:25px;font-weight:400;letter-spacing:0px;\">Unsere qualifizierten Pflegefachkr\u00e4fte sind hoch motiviert und besuchen regelm\u00e4\u00dfig Fort- und Weiterbildungen.<\/div>\n<br>icon<br>fadeInRight<br><br>no-repeat;left top;;<br>auto<br>20px<br><br>\r<br>\r<br>\r<br><span class=\"single_icon  themecolor\"><i style=\"font-size:25px;line-height:25px;\" class=\"\"><\/i><\/span>\n\r<br>\r<br><div class=\"mfn_heading  align_left\"><h2 class=\"title\" >Praxisanleiterinnen<\/h2><\/div>\n\r<br>\r<br><div class=\"google_font\" style=\"font-family:'',Arial,Tahoma,sans-serif;font-size:25px;line-height:25px;font-weight:400;letter-spacing:0px;\">Wir sorgen f\u00fcr eine geplante und gut strukturierte Ausbildung in enger Zusammenarbeit mit unseren Kooperationspartnern.<\/div>\n<br>icon<br>fadeInLeft<br><br><img decoding=\"async\" src=\"https:\/\/medicare321.de\/wp-content\/uploads\/revslider\/business\/home_business_slide_1.png\" alt=\"home_business_slide_1.png\" \/><br>medium<br>https:\/\/medicare321.de\/wp-content\/uploads\/2020\/01\/MediCare_Team_01_Betreuung_1000.png<br>disable<br>bounceIn<br><br>no-repeat;left top;;<br>auto<br>20px<br><br><img decoding=\"async\" src=\"https:\/\/medicare321.de\/wp-content\/uploads\/2020\/01\/MediCare_Team_01_Betreuung_1000.png\" alt=\"MediCare_Team_01_Betreuung_1000\" \/><br>https:\/\/medicare321.de\/wp-content\/uploads\/2020\/01\/MediCare_Team_01_Betreuung_1000.png<br>disable<br>bounceIn<br><br>\r<br>\r<br>\r<br><span class=\"single_icon  themecolor\"><i style=\"font-size:25px;line-height:25px;\" class=\"\"><\/i><\/span>\n\r<br>\r<br><div class=\"mfn_heading  align_left\"><h2 class=\"title\" >Betreuerinnen<\/h2><\/div>\n\r<br>\r<br><div class=\"google_font\" style=\"font-family:'',Arial,Tahoma,sans-serif;font-size:25px;line-height:25px;font-weight:400;letter-spacing:0px;\">Die Betreuerinnen umsorgen sie liebevoll in Ihrer h\u00e4uslichen Umgebung<\/div>\n<br>icon<br>fadeInLeft<br><br>no-repeat;left top;;<br>auto<br>20px<br><br>\r<br>\r<br>\r<br><span class=\"single_icon  themecolor\"><i style=\"font-size:25px;line-height:25px;\" class=\"\"><\/i><\/span>\n\r<br>\r<br><div class=\"mfn_heading  align_left\"><h2 class=\"title\" >Verwaltung &amp; Info<\/h2><\/div>\n\r<br>\r<br><div class=\"google_font\" style=\"font-family:'',Arial,Tahoma,sans-serif;font-size:25px;line-height:25px;font-weight:400;letter-spacing:0px;\">Unsere Verwaltungskr\u00e4fte beraten und informieren Sie rund um die Abrechnung &amp; Pflegeversicherung<\/div>\n<br>icon<br>fadeInRight<br><br><img decoding=\"async\" src=\"https:\/\/medicare321.de\/wp-content\/uploads\/2020\/01\/MediCare_Team_02Verwaltung_1000.png\" alt=\"MediCare_Team_02Verwaltung_1000\" \/><br>https:\/\/medicare321.de\/wp-content\/uploads\/2020\/01\/MediCare_Team_02Verwaltung_1000.png<br>disable<br>bounceIn<br><br>Wir bilden aus !<br><div class=\"mfn_heading  align_left\"><h2 class=\"title\" >Werden Sie Teil unseres Teams und bewerben Sie sich:<\/h2><\/div>\n<br>no-repeat;center top;;<br>auto<br>fadeIn<br><br><div class=\"google_font\" style=\"font-family:'',Arial,Tahoma,sans-serif;font-size:25px;line-height:25px;font-weight:400;letter-spacing:0px;\">&#8230; als exam. Pflegefachkraft (Alten-\/Krankenpflege)<\/div>\n<br>icon<br>icon-user-line<br><br><div class=\"google_font\" style=\"font-family:'',Arial,Tahoma,sans-serif;font-size:25px;line-height:25px;font-weight:400;letter-spacing:0px;\">&#8230; als Sch\u00fcler zur examinierten  Pflegefachfrau \/mann<\/div>\n<br>icon<br>icon-graduation-cap-line<br><br>Unsere Pflege f\u00fcr Ihre Gesundheit<br><h2>Unsere Pflege f\u00fcr Ihre Gesundheit<\/h2><br>center<br>no-repeat;center top;;<br>auto<br><br>icon-mail-line<br>Haben Sie noch Fragen ?\r<br><h4><a href=\"mailto:medicare@web.de\">medicare@web.de<\/a><\/h4><br>2<br>zoomIn<br><br>icon-comment-line<br>Oder rufen Sie uns an !\r<br><h4><a href=\"#\">02677 \/ 321 <\/a><\/h4><br>2<br>zoomIn<br><br>icon-doc-line<br>Fax\r<br><h4><a href=\"#\">02677 \/ 910172<\/a><\/h4><br>2<br>zoomIn<br><br><\/p>\n","protected":false},"excerpt":{"rendered":"<p>icon no-repeat;left top;;auto20px https:\/\/medicare321.de\/wp-content\/uploads\/2020\/01\/MediCare_Team_04_var01_19_freigestellt_1000.pngdisablebounceIn iconfadeInRight no-repeat;left top;;auto20px iconfadeInLeft mediumhttps:\/\/medicare321.de\/wp-content\/uploads\/2020\/01\/MediCare_Team_01_Betreuung_1000.pngdisablebounceIn no-repeat;left top;;auto20px https:\/\/medicare321.de\/wp-content\/uploads\/2020\/01\/MediCare_Team_01_Betreuung_1000.pngdisablebounceIn iconfadeInLeft no-repeat;left top;;auto20px iconfadeInRight https:\/\/medicare321.de\/wp-content\/uploads\/2020\/01\/MediCare_Team_02Verwaltung_1000.pngdisablebounceIn Wir bilden aus ! no-repeat;center top;;autofadeIn iconicon-user-line iconicon-graduation-cap-line Unsere<span class=\"excerpt-hellip\"> [\u2026]<\/span><\/p>\n","protected":false},"author":1,"featured_media":0,"parent":0,"menu_order":0,"comment_status":"open","ping_status":"open","template":"","meta":{"footnotes":""},"class_list":["post-11","page","type-page","status-publish","hentry"],"yoast_head":"<!-- This site is optimized with the Yoast SEO plugin v27.2 - https:\/\/yoast.com\/product\/yoast-seo-wordpress\/ -->\n<title>Mobiler Pflegedienst Medicare - Team<\/title>\n<meta name=\"robots\" content=\"index, follow, max-snippet:-1, max-image-preview:large, max-video-preview:-1\" \/>\n<link rel=\"canonical\" href=\"https:\/\/medicare321.de\/index.php\/team-2\/\" \/>\n<meta property=\"og:locale\" content=\"de_DE\" \/>\n<meta property=\"og:type\" content=\"article\" \/>\n<meta property=\"og:title\" content=\"Mobiler Pflegedienst Medicare - Team\" \/>\n<meta property=\"og:description\" content=\"icon no-repeat;left top;;auto20px https:\/\/medicare321.de\/wp-content\/uploads\/2020\/01\/MediCare_Team_04_var01_19_freigestellt_1000.pngdisablebounceIn iconfadeInRight no-repeat;left top;;auto20px iconfadeInLeft mediumhttps:\/\/medicare321.de\/wp-content\/uploads\/2020\/01\/MediCare_Team_01_Betreuung_1000.pngdisablebounceIn no-repeat;left top;;auto20px https:\/\/medicare321.de\/wp-content\/uploads\/2020\/01\/MediCare_Team_01_Betreuung_1000.pngdisablebounceIn iconfadeInLeft no-repeat;left top;;auto20px iconfadeInRight https:\/\/medicare321.de\/wp-content\/uploads\/2020\/01\/MediCare_Team_02Verwaltung_1000.pngdisablebounceIn Wir bilden aus ! no-repeat;center top;;autofadeIn iconicon-user-line iconicon-graduation-cap-line Unsere [\u2026]\" \/>\n<meta property=\"og:url\" content=\"https:\/\/medicare321.de\/index.php\/team-2\/\" \/>\n<meta property=\"og:site_name\" content=\"Mobiler Pflegedienst Medicare\" \/>\n<meta property=\"article:publisher\" content=\"https:\/\/www.facebook.com\/MedicarePflegedienst\/?__tn__=%2cd%2cP-R&amp;amp%3bamp%3bamp%3bamp%3bamp%3bamp%3bamp%3bamp%3bamp%3bamp%3beid=ARDSTbQ85EBHx_ALBzgS9jZhSO7b-Cksvs_eyYgO-1LcsFFLkj4QqfJVjsjfyfaYrG2Mfh8FN4P_9amj\" \/>\n<meta property=\"article:modified_time\" content=\"2022-04-14T12:12:11+00:00\" \/>\n<meta property=\"og:image\" content=\"https:\/\/medicare321.de\/wp-content\/uploads\/2020\/01\/MediCare_Team_04_var01_19_freigestellt_1000.png\" \/>\n<meta name=\"twitter:card\" content=\"summary_large_image\" \/>\n<meta name=\"twitter:label1\" content=\"Gesch\u00e4tzte Lesezeit\" \/>\n\t<meta name=\"twitter:data1\" content=\"3\u00a0Minuten\" \/>\n<script type=\"application\/ld+json\" class=\"yoast-schema-graph\">{\"@context\":\"https:\/\/schema.org\",\"@graph\":[{\"@type\":\"WebPage\",\"@id\":\"https:\/\/medicare321.de\/index.php\/team-2\/\",\"url\":\"https:\/\/medicare321.de\/index.php\/team-2\/\",\"name\":\"Mobiler Pflegedienst Medicare - Team\",\"isPartOf\":{\"@id\":\"https:\/\/medicare321.de\/#website\"},\"primaryImageOfPage\":{\"@id\":\"https:\/\/medicare321.de\/index.php\/team-2\/#primaryimage\"},\"image\":{\"@id\":\"https:\/\/medicare321.de\/index.php\/team-2\/#primaryimage\"},\"thumbnailUrl\":\"https:\/\/medicare321.de\/wp-content\/uploads\/2020\/01\/MediCare_Team_04_var01_19_freigestellt_1000.png\",\"datePublished\":\"2014-09-22T08:47:28+00:00\",\"dateModified\":\"2022-04-14T12:12:11+00:00\",\"breadcrumb\":{\"@id\":\"https:\/\/medicare321.de\/index.php\/team-2\/#breadcrumb\"},\"inLanguage\":\"de\",\"potentialAction\":[{\"@type\":\"ReadAction\",\"target\":[\"https:\/\/medicare321.de\/index.php\/team-2\/\"]}]},{\"@type\":\"ImageObject\",\"inLanguage\":\"de\",\"@id\":\"https:\/\/medicare321.de\/index.php\/team-2\/#primaryimage\",\"url\":\"https:\/\/medicare321.de\/wp-content\/uploads\/2020\/01\/MediCare_Team_04_var01_19_freigestellt_1000.png\",\"contentUrl\":\"https:\/\/medicare321.de\/wp-content\/uploads\/2020\/01\/MediCare_Team_04_var01_19_freigestellt_1000.png\",\"width\":1000,\"height\":474},{\"@type\":\"BreadcrumbList\",\"@id\":\"https:\/\/medicare321.de\/index.php\/team-2\/#breadcrumb\",\"itemListElement\":[{\"@type\":\"ListItem\",\"position\":1,\"name\":\"Startseite\",\"item\":\"https:\/\/medicare321.de\/\"},{\"@type\":\"ListItem\",\"position\":2,\"name\":\"Team\"}]},{\"@type\":\"WebSite\",\"@id\":\"https:\/\/medicare321.de\/#website\",\"url\":\"https:\/\/medicare321.de\/\",\"name\":\"Mobiler Pflegedienst Medicare\",\"description\":\"Pflege, Betreuung &amp; Beratung\",\"publisher\":{\"@id\":\"https:\/\/medicare321.de\/#organization\"},\"potentialAction\":[{\"@type\":\"SearchAction\",\"target\":{\"@type\":\"EntryPoint\",\"urlTemplate\":\"https:\/\/medicare321.de\/?s={search_term_string}\"},\"query-input\":{\"@type\":\"PropertyValueSpecification\",\"valueRequired\":true,\"valueName\":\"search_term_string\"}}],\"inLanguage\":\"de\"},{\"@type\":\"Organization\",\"@id\":\"https:\/\/medicare321.de\/#organization\",\"name\":\"Medicare Pflegedienst\",\"url\":\"https:\/\/medicare321.de\/\",\"logo\":{\"@type\":\"ImageObject\",\"inLanguage\":\"de\",\"@id\":\"https:\/\/medicare321.de\/#\/schema\/logo\/image\/\",\"url\":\"https:\/\/medicare321.de\/wp-content\/uploads\/2020\/01\/Logo_Medicare_2019_41.png\",\"contentUrl\":\"https:\/\/medicare321.de\/wp-content\/uploads\/2020\/01\/Logo_Medicare_2019_41.png\",\"width\":2135,\"height\":1062,\"caption\":\"Medicare Pflegedienst\"},\"image\":{\"@id\":\"https:\/\/medicare321.de\/#\/schema\/logo\/image\/\"},\"sameAs\":[\"https:\/\/www.facebook.com\/MedicarePflegedienst\/?__tn__=,d,P-R&amp;amp;amp;amp;amp;amp;amp;amp;amp;amp;eid=ARDSTbQ85EBHx_ALBzgS9jZhSO7b-Cksvs_eyYgO-1LcsFFLkj4QqfJVjsjfyfaYrG2Mfh8FN4P_9amj\",\"https:\/\/www.youtube.com\/watch?v=q5zbH_PyL2o\"]}]}<\/script>\n<!-- \/ Yoast SEO plugin. -->","yoast_head_json":{"title":"Mobiler Pflegedienst Medicare - Team","robots":{"index":"index","follow":"follow","max-snippet":"max-snippet:-1","max-image-preview":"max-image-preview:large","max-video-preview":"max-video-preview:-1"},"canonical":"https:\/\/medicare321.de\/index.php\/team-2\/","og_locale":"de_DE","og_type":"article","og_title":"Mobiler Pflegedienst Medicare - Team","og_description":"icon no-repeat;left top;;auto20px https:\/\/medicare321.de\/wp-content\/uploads\/2020\/01\/MediCare_Team_04_var01_19_freigestellt_1000.pngdisablebounceIn iconfadeInRight no-repeat;left top;;auto20px iconfadeInLeft mediumhttps:\/\/medicare321.de\/wp-content\/uploads\/2020\/01\/MediCare_Team_01_Betreuung_1000.pngdisablebounceIn no-repeat;left top;;auto20px https:\/\/medicare321.de\/wp-content\/uploads\/2020\/01\/MediCare_Team_01_Betreuung_1000.pngdisablebounceIn iconfadeInLeft no-repeat;left top;;auto20px iconfadeInRight https:\/\/medicare321.de\/wp-content\/uploads\/2020\/01\/MediCare_Team_02Verwaltung_1000.pngdisablebounceIn Wir bilden aus ! no-repeat;center top;;autofadeIn iconicon-user-line iconicon-graduation-cap-line Unsere [\u2026]","og_url":"https:\/\/medicare321.de\/index.php\/team-2\/","og_site_name":"Mobiler Pflegedienst Medicare","article_publisher":"https:\/\/www.facebook.com\/MedicarePflegedienst\/?__tn__=%2cd%2cP-R&amp%3bamp%3bamp%3bamp%3bamp%3bamp%3bamp%3bamp%3bamp%3bamp%3beid=ARDSTbQ85EBHx_ALBzgS9jZhSO7b-Cksvs_eyYgO-1LcsFFLkj4QqfJVjsjfyfaYrG2Mfh8FN4P_9amj","article_modified_time":"2022-04-14T12:12:11+00:00","og_image":[{"url":"https:\/\/medicare321.de\/wp-content\/uploads\/2020\/01\/MediCare_Team_04_var01_19_freigestellt_1000.png","type":"","width":"","height":""}],"twitter_card":"summary_large_image","twitter_misc":{"Gesch\u00e4tzte Lesezeit":"3\u00a0Minuten"},"schema":{"@context":"https:\/\/schema.org","@graph":[{"@type":"WebPage","@id":"https:\/\/medicare321.de\/index.php\/team-2\/","url":"https:\/\/medicare321.de\/index.php\/team-2\/","name":"Mobiler Pflegedienst Medicare - Team","isPartOf":{"@id":"https:\/\/medicare321.de\/#website"},"primaryImageOfPage":{"@id":"https:\/\/medicare321.de\/index.php\/team-2\/#primaryimage"},"image":{"@id":"https:\/\/medicare321.de\/index.php\/team-2\/#primaryimage"},"thumbnailUrl":"https:\/\/medicare321.de\/wp-content\/uploads\/2020\/01\/MediCare_Team_04_var01_19_freigestellt_1000.png","datePublished":"2014-09-22T08:47:28+00:00","dateModified":"2022-04-14T12:12:11+00:00","breadcrumb":{"@id":"https:\/\/medicare321.de\/index.php\/team-2\/#breadcrumb"},"inLanguage":"de","potentialAction":[{"@type":"ReadAction","target":["https:\/\/medicare321.de\/index.php\/team-2\/"]}]},{"@type":"ImageObject","inLanguage":"de","@id":"https:\/\/medicare321.de\/index.php\/team-2\/#primaryimage","url":"https:\/\/medicare321.de\/wp-content\/uploads\/2020\/01\/MediCare_Team_04_var01_19_freigestellt_1000.png","contentUrl":"https:\/\/medicare321.de\/wp-content\/uploads\/2020\/01\/MediCare_Team_04_var01_19_freigestellt_1000.png","width":1000,"height":474},{"@type":"BreadcrumbList","@id":"https:\/\/medicare321.de\/index.php\/team-2\/#breadcrumb","itemListElement":[{"@type":"ListItem","position":1,"name":"Startseite","item":"https:\/\/medicare321.de\/"},{"@type":"ListItem","position":2,"name":"Team"}]},{"@type":"WebSite","@id":"https:\/\/medicare321.de\/#website","url":"https:\/\/medicare321.de\/","name":"Mobiler Pflegedienst Medicare","description":"Pflege, Betreuung &amp; Beratung","publisher":{"@id":"https:\/\/medicare321.de\/#organization"},"potentialAction":[{"@type":"SearchAction","target":{"@type":"EntryPoint","urlTemplate":"https:\/\/medicare321.de\/?s={search_term_string}"},"query-input":{"@type":"PropertyValueSpecification","valueRequired":true,"valueName":"search_term_string"}}],"inLanguage":"de"},{"@type":"Organization","@id":"https:\/\/medicare321.de\/#organization","name":"Medicare Pflegedienst","url":"https:\/\/medicare321.de\/","logo":{"@type":"ImageObject","inLanguage":"de","@id":"https:\/\/medicare321.de\/#\/schema\/logo\/image\/","url":"https:\/\/medicare321.de\/wp-content\/uploads\/2020\/01\/Logo_Medicare_2019_41.png","contentUrl":"https:\/\/medicare321.de\/wp-content\/uploads\/2020\/01\/Logo_Medicare_2019_41.png","width":2135,"height":1062,"caption":"Medicare Pflegedienst"},"image":{"@id":"https:\/\/medicare321.de\/#\/schema\/logo\/image\/"},"sameAs":["https:\/\/www.facebook.com\/MedicarePflegedienst\/?__tn__=,d,P-R&amp;amp;amp;amp;amp;amp;amp;amp;amp;amp;eid=ARDSTbQ85EBHx_ALBzgS9jZhSO7b-Cksvs_eyYgO-1LcsFFLkj4QqfJVjsjfyfaYrG2Mfh8FN4P_9amj","https:\/\/www.youtube.com\/watch?v=q5zbH_PyL2o"]}]}},"_links":{"self":[{"href":"https:\/\/medicare321.de\/index.php\/wp-json\/wp\/v2\/pages\/11","targetHints":{"allow":["GET"]}}],"collection":[{"href":"https:\/\/medicare321.de\/index.php\/wp-json\/wp\/v2\/pages"}],"about":[{"href":"https:\/\/medicare321.de\/index.php\/wp-json\/wp\/v2\/types\/page"}],"author":[{"embeddable":true,"href":"https:\/\/medicare321.de\/index.php\/wp-json\/wp\/v2\/users\/1"}],"replies":[{"embeddable":true,"href":"https:\/\/medicare321.de\/index.php\/wp-json\/wp\/v2\/comments?post=11"}],"version-history":[{"count":7,"href":"https:\/\/medicare321.de\/index.php\/wp-json\/wp\/v2\/pages\/11\/revisions"}],"predecessor-version":[{"id":300,"href":"https:\/\/medicare321.de\/index.php\/wp-json\/wp\/v2\/pages\/11\/revisions\/300"}],"wp:attachment":[{"href":"https:\/\/medicare321.de\/index.php\/wp-json\/wp\/v2\/media?parent=11"}],"curies":[{"name":"wp","href":"https:\/\/api.w.org\/{rel}","templated":true}]}}